{"id":557,"date":"2026-04-29T19:40:32","date_gmt":"2026-04-29T17:40:32","guid":{"rendered":"https:\/\/projektrumunia.pl\/sklep\/?post_type=product&#038;p=557"},"modified":"2026-05-01T13:05:41","modified_gmt":"2026-05-01T11:05:41","slug":"pakiet-niezbednik-kolorowanka","status":"publish","type":"product","link":"https:\/\/projektrumunia.pl\/sklep\/produkt\/pakiet-niezbednik-kolorowanka\/","title":{"rendered":"PAKIET 2: NIEZB\u0118DNIK + KOLOROWANKA"},"content":{"rendered":"<h3><span style=\"color: #0000ff;\"><strong>NIEZB\u0118DNIK<\/strong><\/span><\/h3>\n<p>to kompleksowy poradnik, niezb\u0119dny w pierwszej podr\u00f3\u017cy po Rumunii.<\/p>\n<p>Ponad 150 stron wiedzy i do\u015bwiadczenia, przeplatanych zdj\u0119ciami. Wa\u017cne informacje, kt\u00f3re przydadz\u0105 si\u0119 podczas pierwszej (lub pierwszej po latach) samodzielnej podr\u00f3\u017cy do Rumunii, wiele ciekawostek o kraju, mn\u00f3stwo pomys\u0142\u00f3w na pi\u0119kny urlop w Rumunii!<\/p>\n<p>A w \u015brodku niespodzianka &#8211; r\u0119cznie wklejana koperta na Twoje drobiazgi z podr\u00f3\u017cy (kolor koperty losowy).<\/p>\n<p>Co znajdziesz w Niezb\u0119dniku dobrej podr\u00f3\u017cy?<\/p>\n<ul>\n<li>przyk\u0142adowy <span style=\"color: #000000;\"><strong>PLAN PODR\u00d3\u017bY<\/strong><\/span>, dzi\u0119ki kt\u00f3remu zaplanujesz sw\u00f3j niezapomniany wyjazd;<\/li>\n<li>propozycje atrakcji dla dzieci i doros\u0142ych;<\/li>\n<li>wskaz\u00f3wki gdzie pojecha\u0107 i co zobaczy\u0107 gdy wyl\u0105dujesz w Bukareszcie;<\/li>\n<li>praktyczne informacje niezb\u0119dne w podr\u00f3\u017cy do i po Rumunii;<\/li>\n<li>wielotematyczne wprowadzenie na temat samego kraju i charakterystyk\u0119 region\u00f3w;<\/li>\n<li>s\u0142owniczki poj\u0119\u0107 (z poprawn\u0105 wymow\u0105!), kt\u00f3re u\u0142atwi\u0105 Ci m.in. czytanie menu w restauracji i komunikacj\u0119 w r\u00f3\u017cnych sytuacjach;<\/li>\n<li>zdj\u0119cia, kt\u00f3re pobudz\u0105 Twoj\u0105 podr\u00f3\u017cnicz\u0105 wyobra\u017ani\u0119.<\/li>\n<\/ul>\n<p>Ma\u0142o? To nie koniec, czytaj dalej:<\/p>\n<ul class=\"lp-list text-align-left font-scale-4 line-height-scale-3 gutter-bottom-2 lp-list--checkmark\" data-guid=\"2882b4db-9498-f182-28da-1c4a812f2d7e\" data-pm-slice=\"2 1 []\">\n<li><strong>Co koniecznie musisz wiedzie\u0107 zanim wybierzesz si\u0119 do Rumunii?<\/strong><\/li>\n<li><strong>Jak najlepiej zaplanowa\u0107 swoj\u0105 podr\u00f3\u017c, by by\u0142a komfortowa?<\/strong><\/li>\n<li><strong>W jaki spos\u00f3b op\u0142aci\u0107 parking czy wykupi\u0107 winiet\u0119?<\/strong><\/li>\n<li><strong>Jakie drogi s\u0105 w Rumunii i czego si\u0119 na nich spodziewa\u0107?<\/strong><\/li>\n<li><strong>Na co uwa\u017ca\u0107 i o czym koniecznie pami\u0119ta\u0107?<\/strong><\/li>\n<li><strong>Co pysznego zje\u015b\u0107 i jakich pami\u0105tek szuka\u0107?<\/strong><\/li>\n<li><strong>Jak si\u0119 porozumie\u0107 w prostych, codziennych sytuacjach?<\/strong><\/li>\n<li><strong>Wreszcie: jaka Rumunia jest naprawd\u0119?<\/strong><\/li>\n<\/ul>\n<p class=\"text-align-left font-scale-4 line-height-scale-6 gutter-bottom-1\">Odpowiedzi na te i mn\u00f3stwo innych pyta\u0144 znajdziesz w <em>Niezb\u0119dniku dobrej podr\u00f3\u017cy<\/em>. Moim celem jest<span style=\"color: #000000;\"><strong> u\u0142atwi\u0107 Ci organizacj\u0119 Twojej samodzielnej podr\u00f3\u017cy do Rumunii<\/strong><\/span><strong>.<\/strong> Otrzymasz wiedz\u0119 i moje do\u015bwiadczenie zebrane kompleksowo na ponad 150 stronach, opatrzonych zdj\u0119ciami. Dobre przygotowanie zwi\u0119kszy Tw\u00f3j komfort podr\u00f3\u017cowania oraz szans\u0119, \u017ce b\u0119dziesz wiedzia\u0142(a), jak sobie poradzi\u0107 w r\u00f3\u017cnych sytuacjach. Dam Ci <span style=\"color: #000000;\"><strong>pewne, rzetelne i sprawdzone<\/strong><\/span> narz\u0119dzie, by\u015b mia\u0142(a) szans\u0119 stworzy\u0107 taki wyjazd, jaki lubisz \u2013 wed\u0142ug w\u0142asnych potrzeb.<\/p>\n<p>Potrzebujesz wi\u0119cej informacji o &#8222;Jad\u0119 do Rumunii! Niezb\u0119dnik dobrej podr\u00f3\u017cy&#8221;? Zerknij na stron\u0119: <a href=\"https:\/\/jadedorumunii.pl\" target=\"_blank\" rel=\"noopener\">JadeDoRumunii.pl<\/a> lub napisz do mnie maila.<\/p>\n<h3><span style=\"color: #ff9900;\"><strong>KOLOROWANKA<\/strong><\/span><\/h3>\n<p>To nie s\u0105 zwyk\u0142e rysunki \u2013 ka\u017cda ilustracja powsta\u0142a na bazie prawdziwych zdj\u0119\u0107 wykonanych przez autork\u0119. Dzi\u0119ki temu kolorujesz realne miejsca, obiekty i smaki, kt\u00f3re mo\u017cesz p\u00f3\u017aniej odwiedzi\u0107 lub przypomnie\u0107 sobie z w\u0142asnych podr\u00f3\u017cy.<\/p>\n<p data-start=\"1401\" data-end=\"1598\"><strong>W \u015brodku znajdziesz a\u017c 22 ilustracje do kolorowania, a przy nich:<\/strong><br \/>\n\u2714 nazwy, kt\u00f3re r\u00f3wnie\u017c mo\u017cesz pokolorowa\u0107,<br data-start=\"1517\" data-end=\"1520\" \/>\u2714 kr\u00f3tkie opisy buduj\u0105ce klimat miejsca,<br data-start=\"1557\" data-end=\"1560\" \/>\u2714 inspiracje do podr\u00f3\u017cy i odkrywania.<\/p>\n<p data-start=\"1600\" data-end=\"1715\">Kolorowa ok\u0142adka pokazuje oryginalne zdj\u0119cia, wi\u0119c mo\u017cesz zobaczy\u0107, jak autentyczne miejsce przekszta\u0142ca si\u0119 w kreatywn\u0105 zabaw\u0119.<\/p>\n<p data-start=\"1717\" data-end=\"1898\"><strong>Dlaczego warto?<\/strong><br \/>\n\u2714 idealna na podr\u00f3\u017c \u2013 koniec z nud\u0105 w aucie czy samolocie;<br data-start=\"1790\" data-end=\"1793\" \/>\u2714 \u015bwietna dla dzieci <strong>i doros\u0142ych<\/strong>;<br data-start=\"1825\" data-end=\"1828\" \/>\u2714 pomaga si\u0119 zrelaksowa\u0107 i odstresowa\u0107;<br data-start=\"1866\" data-end=\"1869\" \/>\u2714 pi\u0119kna pami\u0105tka z wyjazdu.<\/p>\n<p data-start=\"1900\" data-end=\"1986\">Ta publikacja zdecydowanie wyr\u00f3\u017cnia si\u0119 na tle innych, bo stanowi do\u015bwiadczenie, kt\u00f3re \u0142\u0105czy kreatywno\u015b\u0107 z podr\u00f3\u017cowaniem.<\/p>\n<div style=\"width: 980px;\" class=\"wp-video\"><video class=\"wp-video-shortcode\" id=\"video-557-1\" width=\"980\" height=\"551\" preload=\"metadata\" controls=\"controls\"><source type=\"video\/mp4\" src=\"https:\/\/projektrumunia.pl\/sklep\/wp-content\/uploads\/2026\/03\/VID20260429172241.mp4?_=1\" \/><a href=\"https:\/\/projektrumunia.pl\/sklep\/wp-content\/uploads\/2026\/03\/VID20260429172241.mp4\">https:\/\/projektrumunia.pl\/sklep\/wp-content\/uploads\/2026\/03\/VID20260429172241.mp4<\/a><\/video><\/div>\n","protected":false},"excerpt":{"rendered":"<p><em>[najni\u017csza cena z ostatnich 30 dni: 79 z\u0142]<\/em><\/p>\n<p>W sk\u0142ad pakietu wchodz\u0105 <span style=\"color: #000000;\"><strong>dwie publikacje<\/strong><\/span> w wersji papierowej:<\/p>\n<ol>\n<li>&#8222;Jad\u0119 do Rumunii! Niezb\u0119dnik dobrej podr\u00f3\u017cy&#8221; &#8211; praktyczny poradnik, kt\u00f3ry pomo\u017ce Ci zorganizowa\u0107 sobie w\u0142asn\u0105 wyj\u0105tkow\u0105 podr\u00f3\u017c po Rumunii &#8211; o warto\u015bci 73 z\u0142.<\/li>\n<li>&#8222;Barwy Rumunii. Kolorowanka&#8221; &#8211; zbi\u00f3r 22 obrazk\u00f3w stworzonych z prawdziwych zdj\u0119\u0107, pokazuj\u0105cych ciekawe miejsca, obiekty, potrawy i nie tylko. Do rysunk\u00f3w do\u0142\u0105czona jest nazwa, kt\u00f3r\u0105 r\u00f3wnie\u017c mo\u017cna pokolorowa\u0107, a tak\u017ce kr\u00f3tki opis, kt\u00f3ry zach\u0119ca do poznawania \u015bwiata. &#8211; o warto\u015bci 19 z\u0142.<\/li>\n<\/ol>\n<p>Kupuj\u0105c obydwa produkty w pakiecie <span style=\"color: #000000;\"><strong>zaoszcz\u0119dzisz a\u017c 13 z\u0142 <\/strong><\/span>wzgl\u0119dem ceny regularnej poszczeg\u00f3lnych sk\u0142adnik\u00f3w pakietu.<\/p>\n<p><span style=\"color: #0000ff;\">Niezb\u0119dnik<\/span> to zbi\u00f3r informacji zar\u00f3wno o pa\u0144stwie, do kt\u00f3rego si\u0119 wybierasz, jak i praktycznych porad jak zorganizowa\u0107 podr\u00f3\u017c, co zam\u00f3wi\u0107 w restauracji, co przywie\u017a\u0107 na pami\u0105tk\u0119, jak op\u0142aci\u0107 parkingi, a tak\u017ce pomys\u0142y na wycieczki oraz zarys planu wyjazdu z mn\u00f3stwem interesuj\u0105cych propozycji zwiedzania, r\u00f3wnie\u017c dla dzieci (bez szczeg\u00f3\u0142owych opis\u00f3w miejsc). Data wydania: sierpie\u0144 2025 r.<\/p>\n<p><span style=\"color: #ff9900;\">Kolorowanka<\/span> zawiera 22 ilustracje, powsta\u0142e na podstawie autentycznych zdj\u0119\u0107 zrobionych przez autork\u0119 w Rumunii, kt\u00f3re znalaz\u0142y si\u0119 na ok\u0142adce. To idealny towarzysz podr\u00f3\u017cy \u2013 zar\u00f3wno dla dzieci, kt\u00f3re dzi\u0119ki niej nie b\u0119d\u0105 si\u0119 nudzi\u0107 w trakcie wyjazdu, jak i dla doros\u0142ych, szukaj\u0105cych chwili wyciszenia i relaksu w codziennym, zabieganym \u017cyciu. Sprawdzi si\u0119 tak\u017ce jako pi\u0119kna pami\u0105tka z podr\u00f3\u017cy lub spos\u00f3b na powr\u00f3t do ulubionych miejsc. Data wydania: kwiecie\u0144 2026 r.<\/p>\n<p>Zobacz poni\u017cej filmik z wn\u0119trza kolorowanki.<\/p>\n","protected":false},"featured_media":565,"template":"","meta":[],"product_brand":[],"product_cat":[18],"product_tag":[41,40,38,32],"class_list":{"0":"post-557","1":"product","2":"type-product","3":"status-publish","4":"has-post-thumbnail","6":"product_cat-ksiazka","7":"product_tag-kolorowanka-antystresowa","8":"product_tag-rumunia-kolorowanka","9":"product_tag-rumunia-samochodem","10":"product_tag-rumunia-wakacje","12":"first","13":"instock","14":"taxable","15":"shipping-taxable","16":"purchasable","17":"product-type-simple"},"_links":{"self":[{"href":"https:\/\/projektrumunia.pl\/sklep\/wp-json\/wp\/v2\/product\/557","targetHints":{"allow":["GET"]}}],"collection":[{"href":"https:\/\/projektrumunia.pl\/sklep\/wp-json\/wp\/v2\/product"}],"about":[{"href":"https:\/\/projektrumunia.pl\/sklep\/wp-json\/wp\/v2\/types\/product"}],"wp:featuredmedia":[{"embeddable":true,"href":"https:\/\/projektrumunia.pl\/sklep\/wp-json\/wp\/v2\/media\/565"}],"wp:attachment":[{"href":"https:\/\/projektrumunia.pl\/sklep\/wp-json\/wp\/v2\/media?parent=557"}],"wp:term":[{"taxonomy":"product_brand","embeddable":true,"href":"https:\/\/projektrumunia.pl\/sklep\/wp-json\/wp\/v2\/product_brand?post=557"},{"taxonomy":"product_cat","embeddable":true,"href":"https:\/\/projektrumunia.pl\/sklep\/wp-json\/wp\/v2\/product_cat?post=557"},{"taxonomy":"product_tag","embeddable":true,"href":"https:\/\/projektrumunia.pl\/sklep\/wp-json\/wp\/v2\/product_tag?post=557"}],"curies":[{"name":"wp","href":"https:\/\/api.w.org\/{rel}","templated":true}]}}