{"id":538,"date":"2026-03-31T18:30:34","date_gmt":"2026-03-31T16:30:34","guid":{"rendered":"https:\/\/projektrumunia.pl\/sklep\/?post_type=product&#038;p=538"},"modified":"2026-05-01T20:10:20","modified_gmt":"2026-05-01T18:10:20","slug":"barwy-rumunii-kolorowanka","status":"publish","type":"product","link":"https:\/\/projektrumunia.pl\/sklep\/produkt\/barwy-rumunii-kolorowanka\/","title":{"rendered":"Barwy Rumunii. Kolorowanka"},"content":{"rendered":"<p>Data wydania: kwiecie\u0144 2026 r.<\/p>\n<p>Liczba stron: 44, w tym 22 ilustracje<\/p>\n<p>Format: oko\u0142o B5 (16,5&#215;23,5 cm).<\/p>\n<p>Wysy\u0142ka: Paczkomaty InPost \/ Orlen Paczka<\/p>\n<p>Publikacja dost\u0119pna tylko w wersji drukowanej.<\/p>\n<div style=\"width: 980px;\" class=\"wp-video\"><video class=\"wp-video-shortcode\" id=\"video-538-1\" width=\"980\" height=\"551\" preload=\"metadata\" controls=\"controls\"><source type=\"video\/mp4\" src=\"https:\/\/projektrumunia.pl\/sklep\/wp-content\/uploads\/2026\/03\/VID20260429172241.mp4?_=1\" \/><a href=\"https:\/\/projektrumunia.pl\/sklep\/wp-content\/uploads\/2026\/03\/VID20260429172241.mp4\">https:\/\/projektrumunia.pl\/sklep\/wp-content\/uploads\/2026\/03\/VID20260429172241.mp4<\/a><\/video><\/div>\n","protected":false},"excerpt":{"rendered":"<p><em>[najni\u017csza cena z ostatnich 30 dni: 19 z\u0142]<\/em><\/p>\n<p>Kolorowanka zosta\u0142a stworzona z 22 autentycznych zdj\u0119\u0107 zrobionych w Rumunii. Ma w sumie 44 strony i r\u00f3\u017cny poziom trudno\u015bci &#8211; nadaje si\u0119 zar\u00f3wno <strong>dla starszych dzieci<\/strong>, jak i <strong>dla doros\u0142ych<\/strong>, kt\u00f3rzy lubi\u0105 si\u0119 odstresowa\u0107 poprzez tak\u0105 form\u0119 sp\u0119dzania czasu. Opr\u00f3cz rysunk\u00f3w znajdziesz w niej tak\u017ce kr\u00f3tkie <strong>opisy zaprezentowanych miejsc<\/strong>. Tutaj nawet nazwy mo\u017cna pokolorowa\u0107 wed\u0142ug w\u0142asnego upodobania!<\/p>\n<p data-start=\"2027\" data-end=\"2153\">Szukasz czego\u015b, co zajmie dzieci w podr\u00f3\u017cy i jednocze\u015bnie sprawi rado\u015b\u0107 ca\u0142ej rodzinie? Ta kolorowanka to idealne rozwi\u0105zanie i\u00a0\u015bwietna okazja, by dzieci mog\u0142y kolorowa\u0107 prawdziwe miejsca i poznawa\u0107 \u015bwiat w kreatywny spos\u00f3b.<\/p>\n<p data-start=\"2027\" data-end=\"2153\">Rysunki zawieraj\u0105:<br \/>\n\u2013 nazwy (r\u00f3wnie\u017c do pokolorowania),<br data-start=\"2425\" data-end=\"2428\" \/>\u2013 kr\u00f3tkie opisy, kt\u00f3re wprowadzaj\u0105 w klimat podr\u00f3\u017cy,<br data-start=\"2475\" data-end=\"2478\" \/>\u2013 inspiracje do rozm\u00f3w i wsp\u00f3lnego odkrywania \u015bwiata.<\/p>\n<p data-start=\"2534\" data-end=\"2662\">Kolorowa ok\u0142adka pokazuje oryginalne zdj\u0119cia, by m\u00f3c si\u0119 zainspirowa\u0107 kolorystyk\u0105 lub nada\u0107 obiektom w\u0142asne, nowe barwy.<\/p>\n<p data-start=\"2664\" data-end=\"2862\"><strong>Dlaczego dzieci (i rodzice!) j\u0105 pokochaj\u0105?<\/strong><br \/>\n\u2013 zajmuje na d\u0142ugo podczas podr\u00f3\u017cy,<br data-start=\"2741\" data-end=\"2744\" \/>\u2013 rozwija wyobra\u017ani\u0119 i ciekawo\u015b\u0107 \u015bwiata,<br data-start=\"2783\" data-end=\"2786\" \/>\u2013 zach\u0119ca do wsp\u00f3lnych rozm\u00f3w i zabawy,<br data-start=\"2824\" data-end=\"2827\" \/>\u2013 daje chwil\u0119 spokoju rodzicom \ud83d\ude09<\/p>\n<p data-start=\"2864\" data-end=\"2995\">Taka autentyczna publikacja to wsp\u00f3lna przygoda, kt\u00f3ra mo\u017ce zacz\u0105\u0107 si\u0119 w samochodzie, a sko\u0144czy\u0107 w prawdziwym miejscu z kolorowanki.<\/p>\n","protected":false},"featured_media":568,"template":"","meta":[],"product_brand":[],"product_cat":[18],"product_tag":[40,32],"class_list":{"0":"post-538","1":"product","2":"type-product","3":"status-publish","4":"has-post-thumbnail","6":"product_cat-ksiazka","7":"product_tag-rumunia-kolorowanka","8":"product_tag-rumunia-wakacje","10":"first","11":"instock","12":"taxable","13":"shipping-taxable","14":"purchasable","15":"product-type-simple"},"_links":{"self":[{"href":"https:\/\/projektrumunia.pl\/sklep\/wp-json\/wp\/v2\/product\/538","targetHints":{"allow":["GET"]}}],"collection":[{"href":"https:\/\/projektrumunia.pl\/sklep\/wp-json\/wp\/v2\/product"}],"about":[{"href":"https:\/\/projektrumunia.pl\/sklep\/wp-json\/wp\/v2\/types\/product"}],"wp:featuredmedia":[{"embeddable":true,"href":"https:\/\/projektrumunia.pl\/sklep\/wp-json\/wp\/v2\/media\/568"}],"wp:attachment":[{"href":"https:\/\/projektrumunia.pl\/sklep\/wp-json\/wp\/v2\/media?parent=538"}],"wp:term":[{"taxonomy":"product_brand","embeddable":true,"href":"https:\/\/projektrumunia.pl\/sklep\/wp-json\/wp\/v2\/product_brand?post=538"},{"taxonomy":"product_cat","embeddable":true,"href":"https:\/\/projektrumunia.pl\/sklep\/wp-json\/wp\/v2\/product_cat?post=538"},{"taxonomy":"product_tag","embeddable":true,"href":"https:\/\/projektrumunia.pl\/sklep\/wp-json\/wp\/v2\/product_tag?post=538"}],"curies":[{"name":"wp","href":"https:\/\/api.w.org\/{rel}","templated":true}]}}