{"id":453,"date":"2025-08-01T00:30:36","date_gmt":"2025-07-31T22:30:36","guid":{"rendered":"https:\/\/projektrumunia.pl\/sklep\/?post_type=product&#038;p=453"},"modified":"2026-05-01T13:30:46","modified_gmt":"2026-05-01T11:30:46","slug":"niezbednik","status":"publish","type":"product","link":"https:\/\/projektrumunia.pl\/sklep\/produkt\/niezbednik\/","title":{"rendered":"&#8222;Jad\u0119 do Rumunii! NIEZB\u0118DNIK DOBREJ PODR\u00d3\u017bY&#8221;"},"content":{"rendered":"<p>Co znajdziesz w Niezb\u0119dniku dobrej podr\u00f3\u017cy?<\/p>\n<ul>\n<li>przyk\u0142adowy <span style=\"color: #ff0000;\"><strong>PLAN PODR\u00d3\u017bY<\/strong><\/span>, dzi\u0119ki kt\u00f3remu zaplanujesz sw\u00f3j niezapomniany wyjazd;<\/li>\n<li>propozycje atrakcji dla dzieci i doros\u0142ych;<\/li>\n<li>wskaz\u00f3wki gdzie pojecha\u0107 i co zobaczy\u0107 gdy wyl\u0105dujesz w Bukareszcie;<\/li>\n<li>praktyczne informacje niezb\u0119dne w podr\u00f3\u017cy do i po Rumunii;<\/li>\n<li>wielotematyczne wprowadzenie na temat samego kraju i charakterystyk\u0119 region\u00f3w;<\/li>\n<li>s\u0142owniczki poj\u0119\u0107 (z poprawn\u0105 wymow\u0105!), kt\u00f3re u\u0142atwi\u0105 Ci m.in. czytanie menu w restauracji i komunikacj\u0119 w r\u00f3\u017cnych sytuacjach;<\/li>\n<li>zdj\u0119cia, kt\u00f3re pobudz\u0105 Twoj\u0105 podr\u00f3\u017cnicz\u0105 wyobra\u017ani\u0119.<\/li>\n<\/ul>\n<p>Ma\u0142o? To nie koniec, czytaj dalej:<\/p>\n<ul class=\"lp-list text-align-left font-scale-4 line-height-scale-3 gutter-bottom-2 lp-list--checkmark\" data-guid=\"2882b4db-9498-f182-28da-1c4a812f2d7e\" data-pm-slice=\"2 1 []\">\n<li><strong>Co koniecznie musisz wiedzie\u0107 zanim wybierzesz si\u0119 do Rumunii?<\/strong><\/li>\n<li><strong>Jak najlepiej zaplanowa\u0107 swoj\u0105 podr\u00f3\u017c, by by\u0142a komfortowa?<\/strong><\/li>\n<li><strong>W jaki spos\u00f3b op\u0142aci\u0107 parking czy wykupi\u0107 winiet\u0119?<\/strong><\/li>\n<li><strong>Jakie drogi s\u0105 w Rumunii i czego si\u0119 na nich spodziewa\u0107?<\/strong><\/li>\n<li><strong>Na co uwa\u017ca\u0107 i o czym koniecznie pami\u0119ta\u0107?<\/strong><\/li>\n<li><strong>Co pysznego zje\u015b\u0107 i jakich pami\u0105tek szuka\u0107?<\/strong><\/li>\n<li><strong>Jak si\u0119 porozumie\u0107 w prostych, codziennych sytuacjach?<\/strong><\/li>\n<li><strong>Wreszcie: jaka Rumunia jest naprawd\u0119?<\/strong><\/li>\n<\/ul>\n<p class=\"text-align-left font-scale-4 line-height-scale-6 gutter-bottom-1\">Odpowiedzi na te i mn\u00f3stwo innych pyta\u0144 znajdziesz w <em>Niezb\u0119dniku dobrej podr\u00f3\u017cy<\/em>. Moim celem jest<strong> u\u0142atwi\u0107 Ci organizacj\u0119 Twojej samodzielnej podr\u00f3\u017cy do Rumunii<\/strong><strong>.<\/strong> Otrzymasz wiedz\u0119 i moje do\u015bwiadczenie zebrane kompleksowo na ponad 150 stronach, opatrzonych zdj\u0119ciami. Dobre przygotowanie zwi\u0119kszy Tw\u00f3j komfort podr\u00f3\u017cowania oraz szans\u0119, \u017ce b\u0119dziesz wiedzia\u0142(a), jak sobie poradzi\u0107 w r\u00f3\u017cnych sytuacjach. Dam Ci <strong>pewne, rzetelne i sprawdzone<\/strong> narz\u0119dzie, by\u015b mia\u0142(a) szans\u0119 stworzy\u0107 taki wyjazd, jaki lubisz \u2013 wed\u0142ug w\u0142asnych potrzeb.<\/p>\n<p>Potrzebujesz wi\u0119cej informacji o &#8222;Jad\u0119 do Rumunii! Niezb\u0119dnik dobrej podr\u00f3\u017cy&#8221;? Zerknij na stron\u0119: <a href=\"https:\/\/jadedorumunii.pl\/\" target=\"_blank\" rel=\"noopener\">JadeDoRumunii.pl<\/a> lub napisz do mnie maila.<\/p>\n","protected":false},"excerpt":{"rendered":"<p><em>[najni\u017csza cena z ostatnich 30 dni: 73 z\u0142]<\/em><\/p>\n<p>Kompleksowy poradnik, niezb\u0119dny w pierwszej podr\u00f3\u017cy po Rumunii.<\/p>\n<p>Data wydania: sierpie\u0144 2025 r.<\/p>\n<p>Ponad 150 stron wiedzy i do\u015bwiadczenia, przeplatanych zdj\u0119ciami. Wa\u017cne informacje, kt\u00f3re przydadz\u0105 si\u0119 podczas pierwszej (lub pierwszej po latach) samodzielnej podr\u00f3\u017cy do Rumunii, wiele ciekawostek o kraju, mn\u00f3stwo pomys\u0142\u00f3w na pi\u0119kny urlop w Rumunii!<\/p>\n<p>Oprawa spiralna. A w \u015brodku niespodzianka &#8211; r\u0119cznie wklejana koperta na Twoje drobiazgi z podr\u00f3\u017cy.<\/p>\n<p>Szczeg\u00f3\u0142y poni\u017cej.<\/p>\n","protected":false},"featured_media":566,"template":"","meta":[],"product_brand":[],"product_cat":[18],"product_tag":[39,24,38,32],"class_list":{"0":"post-453","1":"product","2":"type-product","3":"status-publish","4":"has-post-thumbnail","6":"product_cat-ksiazka","7":"product_tag-rumunia-motocyklem","8":"product_tag-rumunia-przewodnik","9":"product_tag-rumunia-samochodem","10":"product_tag-rumunia-wakacje","12":"first","13":"instock","14":"taxable","15":"shipping-taxable","16":"purchasable","17":"product-type-simple"},"_links":{"self":[{"href":"https:\/\/projektrumunia.pl\/sklep\/wp-json\/wp\/v2\/product\/453","targetHints":{"allow":["GET"]}}],"collection":[{"href":"https:\/\/projektrumunia.pl\/sklep\/wp-json\/wp\/v2\/product"}],"about":[{"href":"https:\/\/projektrumunia.pl\/sklep\/wp-json\/wp\/v2\/types\/product"}],"wp:featuredmedia":[{"embeddable":true,"href":"https:\/\/projektrumunia.pl\/sklep\/wp-json\/wp\/v2\/media\/566"}],"wp:attachment":[{"href":"https:\/\/projektrumunia.pl\/sklep\/wp-json\/wp\/v2\/media?parent=453"}],"wp:term":[{"taxonomy":"product_brand","embeddable":true,"href":"https:\/\/projektrumunia.pl\/sklep\/wp-json\/wp\/v2\/product_brand?post=453"},{"taxonomy":"product_cat","embeddable":true,"href":"https:\/\/projektrumunia.pl\/sklep\/wp-json\/wp\/v2\/product_cat?post=453"},{"taxonomy":"product_tag","embeddable":true,"href":"https:\/\/projektrumunia.pl\/sklep\/wp-json\/wp\/v2\/product_tag?post=453"}],"curies":[{"name":"wp","href":"https:\/\/api.w.org\/{rel}","templated":true}]}}