{"id":39,"date":"2022-06-30T01:28:07","date_gmt":"2022-06-29T23:28:07","guid":{"rendered":"https:\/\/projektrumunia.pl\/sklep\/?post_type=product&#038;p=39"},"modified":"2025-02-06T21:32:03","modified_gmt":"2025-02-06T20:32:03","slug":"indywidualny-plan-podrozy-po-rumunii-praktyczne-wskazowki","status":"publish","type":"product","link":"https:\/\/projektrumunia.pl\/sklep\/produkt\/indywidualny-plan-podrozy-po-rumunii-praktyczne-wskazowki\/","title":{"rendered":"Pakiet nr 1: Indywidualny plan podr\u00f3\u017cy po Rumunii + praktyczne wskaz\u00f3wki"},"content":{"rendered":"","protected":false},"excerpt":{"rendered":"<p>Indywidualny plan podr\u00f3\u017cy po Rumunii wraz z praktycznymi wskaz\u00f3wkami to <strong>najmniejszy pakiet w ofercie<\/strong>. Plan tworzony jest specjalnie dla Ciebie, dostosowany do Twoich termin\u00f3w, mo\u017cliwo\u015bci i potrzeb.<\/p>\n<p>Cena b\u0119dzie zale\u017ca\u0142a od tego jak szybko potrzebujesz tych materia\u0142\u00f3w, na jak d\u0142ugo jedziesz i paru innych rzeczy &#8211; jednym s\u0142owem: b\u0119dzie w 100% dostosowana do Twojego wyjazdu. <strong>Zapytaj, to nic nie kosztuje \ud83d\ude42<\/strong><\/p>\n<p><strong>UWAGA!<\/strong> Przed zam\u00f3wieniem koniecznie skontaktuj si\u0119 ze mn\u0105 po wi\u0119cej szczeg\u00f3\u0142\u00f3w: projektrumunia@gmail.com (lub przez Instagram &#8211; @projektrumunia). Aby sporz\u0105dzi\u0107 plan wed\u0142ug Twoich preferencji, musz\u0119 mie\u0107 z Tob\u0105 kontakt, by m\u00f3c dopyta\u0107 o kilka istotnych kwestii. Wtedy te\u017c b\u0119d\u0119 mog\u0142a zaproponowa\u0107 Ci takie rozwi\u0105zania, kt\u00f3re najlepiej b\u0119d\u0105 do Ciebie pasowa\u0107.<\/p>\n<p>Czas realizacji: do uzgodnienia (zazwyczaj nie mniej ni\u017c 7 dni od daty zaksi\u0119gowania p\u0142atno\u015bci).<\/p>\n<p>P\u0142atno\u015b\u0107 wy\u0142\u0105cznie przelewem.<\/p>\n","protected":false},"featured_media":40,"template":"","meta":[],"product_brand":[],"product_cat":[17],"product_tag":[27,28],"class_list":{"0":"post-39","1":"product","2":"type-product","3":"status-publish","4":"has-post-thumbnail","6":"product_cat-indywidualne","7":"product_tag-rumunia-plan-wyjazdu","8":"product_tag-rumunia-planowanie-podrozy","10":"first","11":"onbackorder","12":"virtual","13":"taxable","14":"product-type-simple"},"_links":{"self":[{"href":"https:\/\/projektrumunia.pl\/sklep\/wp-json\/wp\/v2\/product\/39","targetHints":{"allow":["GET"]}}],"collection":[{"href":"https:\/\/projektrumunia.pl\/sklep\/wp-json\/wp\/v2\/product"}],"about":[{"href":"https:\/\/projektrumunia.pl\/sklep\/wp-json\/wp\/v2\/types\/product"}],"wp:featuredmedia":[{"embeddable":true,"href":"https:\/\/projektrumunia.pl\/sklep\/wp-json\/wp\/v2\/media\/40"}],"wp:attachment":[{"href":"https:\/\/projektrumunia.pl\/sklep\/wp-json\/wp\/v2\/media?parent=39"}],"wp:term":[{"taxonomy":"product_brand","embeddable":true,"href":"https:\/\/projektrumunia.pl\/sklep\/wp-json\/wp\/v2\/product_brand?post=39"},{"taxonomy":"product_cat","embeddable":true,"href":"https:\/\/projektrumunia.pl\/sklep\/wp-json\/wp\/v2\/product_cat?post=39"},{"taxonomy":"product_tag","embeddable":true,"href":"https:\/\/projektrumunia.pl\/sklep\/wp-json\/wp\/v2\/product_tag?post=39"}],"curies":[{"name":"wp","href":"https:\/\/api.w.org\/{rel}","templated":true}]}}