{"id":3,"date":"2022-06-16T19:51:40","date_gmt":"2022-06-16T17:51:40","guid":{"rendered":"https:\/\/projektrumunia.pl\/sklep\/?page_id=3"},"modified":"2024-06-17T20:37:21","modified_gmt":"2024-06-17T18:37:21","slug":"polityka-prywatnosci","status":"publish","type":"page","link":"https:\/\/projektrumunia.pl\/sklep\/polityka-prywatnosci\/","title":{"rendered":"Polityka prywatno\u015bci"},"content":{"rendered":"\n<p>Niniejsza polityka prywatno\u015bci opisuje zasady post\u0119powania z danymi osobowymi oraz zasady wykorzystywania plik\u00f3w cookies i innych technologii \u015bledz\u0105cych w zwi\u0105zku z korzystaniem ze Sklepu Projekt Rumunia (projektrumunia.pl\/sklep).<\/p>\n\n\n\n<p>Administratorem strony jest Vedere Media sp\u00f3\u0142ka z ograniczon\u0105 odpowiedzialno\u015bci\u0105 z siedzib\u0105 w Miko\u0142owie (NIP: 6351871025, KRS: 0001106955), Rynek 2, 43-190 Miko\u0142\u00f3w.<\/p>\n\n\n\n<p>W razie jakichkolwiek w\u0105tpliwo\u015bci zwi\u0105zanych z polityk\u0105 prywatno\u015bci, w ka\u017cdej chwili mo\u017cesz skontaktowa\u0107 si\u0119 z Administratorem, wysy\u0142aj\u0105c wiadomo\u015b\u0107 na adres: <strong>kontakt@projektrumunia.pl<\/strong>.<\/p>\n\n\n\n<p><strong>Skr\u00f3cona wersja \u2013 najwa\u017cniejsze informacje<\/strong><\/p>\n\n\n\n<p>Administrator dba o Twoj\u0105 prywatno\u015b\u0107, jak r\u00f3wnie\u017c o Tw\u00f3j czas. W zwi\u0105zku z tym poni\u017cej znajduje si\u0119 skr\u00f3cona wersja najwa\u017cniejszych zasad zwi\u0105zanych z ochron\u0105 prywatno\u015bci.<\/p>\n\n\n\n<ul class=\"wp-block-list\">\n<li>Sk\u0142adaj\u0105c zam\u00f3wienie, dodaj\u0105c komentarz lub po prostu kontaktuj\u0105c si\u0119 drog\u0105 mailow\u0105 na podane na stronie adresy e-mail, przekazujesz administratorowi swoje dane osobowe. Administrator gwarantuje, \u017ce te dane pozostan\u0105 poufne, bezpieczne i nie zostan\u0105 udost\u0119pnione jakimkolwiek podmiotom trzecim bez Twojej wyra\u017anej zgody.<\/li>\n\n\n\n<li>Strona korzysta z narz\u0119dzi analitycznych, takich jak Google Analytics, kt\u00f3re zbieraj\u0105 anonimowe informacje na temat Twoich odwiedzin strony, takie jak podstrony, kt\u00f3re wy\u015bwietli\u0142e\u015b, czas, jaki sp\u0119dzi\u0142e\u015b na stronie czy przej\u015bcia pomi\u0119dzy poszczeg\u00f3lnymi podstronami. Wi\u0105\u017ce si\u0119 to z wykorzystaniem plik\u00f3w cookies firmy Google.<\/li>\n\n\n\n<li>Strona korzysta z narz\u0119dzi remarketingowych, takich jak Facebook Pixel oraz Google Adsense, by kierowa\u0107 do Ciebie reklamy. Wi\u0105\u017c\u0119 si\u0119 to z wykorzystywaniem plik\u00f3w cookies firmy Meta Platforms Ireland Limited (zw. dalej \u201eMeta\u201d) oraz Google.<\/li>\n\n\n\n<li>Na stronie wy\u015bwietlane mog\u0105 by\u0107 filmy pochodz\u0105ce z serwisu YouTube oraz Vimeo. Ogl\u0105danie tych film\u00f3w wi\u0105\u017ce si\u0119 z akceptacj\u0105 plik\u00f3w cookies firmy Google, dotycz\u0105cych us\u0142ugi YouTube oraz plik\u00f3w cookies firmy Vimeo.<\/li>\n\n\n\n<li>Administrator mo\u017ce zapewni\u0107 mo\u017cliwo\u015b\u0107 korzystania z funkcji spo\u0142eczno\u015bciowych, takich jak udost\u0119pnianie tre\u015bci w serwisach spo\u0142eczno\u015bciowych oraz subskrypcja profilu spo\u0142eczno\u015bciowego. Korzystanie z tych funkcji wi\u0105\u017ce si\u0119 z wykorzystywaniem plik\u00f3w cookies administrator\u00f3w serwis\u00f3w spo\u0142eczno\u015bciowych takich jak Facebook, Instagram, Tik-Tok, YouTube.<\/li>\n\n\n\n<li>Strona wykorzystuje pliki cookies, by mo\u017cna by\u0142o z niej korzysta\u0107 w spos\u00f3b komfortowy.<\/li>\n<\/ul>\n\n\n\n<p>Je\u017celi powy\u017csze informacje nie s\u0105 dla Ciebie wystarczaj\u0105ce, poni\u017cej znajdziesz dalsze szczeg\u00f3\u0142y<\/p>\n\n\n\n<p><strong>Dane osobowe<\/strong><\/p>\n\n\n\n<p>Administratorem Twoich danych osobowych w rozumieniu przepis\u00f3w o ochronie danych osobowych jest Vedere Media sp\u00f3\u0142ka z ograniczon\u0105 odpowiedzialno\u015bci\u0105 z siedzib\u0105 w Miko\u0142owie (NIP: 6351871025, KRS: 0001106955), Rynek 2, 43-190 Miko\u0142\u00f3w (kontakt@projektrumunia.pl).<\/p>\n\n\n\n<p>Cele, podstawy prawne oraz okres przetwarzania danych osobowych wskazane s\u0105 odr\u0119bnie w stosunku do ka\u017cdego celu przetwarzania danych (patrz: postanowienia poni\u017cej zawieraj\u0105ce szczeg\u00f3\u0142owy opis r\u00f3\u017cnych cel\u00f3w przetwarzania danych).<\/p>\n\n\n\n<p>W zwi\u0105zku z przetwarzaniem przez Administratora danych osobowych, przys\u0142uguj\u0105 Ci nast\u0119puj\u0105ce uprawnienia:<\/p>\n\n\n\n<ul class=\"wp-block-list\">\n<li>prawo do \u017c\u0105dania dost\u0119pu do swoich danych osobowych, ich sprostowania, usuni\u0119cia lub ograniczenia przetwarzania,<\/li>\n\n\n\n<li>prawo do wniesienia sprzeciwu wobec przetwarzania,<\/li>\n\n\n\n<li>prawo do przenoszenia danych,<\/li>\n\n\n\n<li>prawo do cofni\u0119cia zgody na przetwarzanie danych osobowych w okre\u015blonym celu, je\u017celi uprzednio wyrazi\u0142e\u015b tak\u0105 zgod\u0119,<\/li>\n\n\n\n<li>prawo do wniesienia skargi do organu nadzorczego w zwi\u0105zku z przetwarzaniem przeze mnie danych osobowych.<\/li>\n<\/ul>\n\n\n\n<p>Powy\u017csze uprawnienia mo\u017cesz realizowa\u0107 zgodnie z zasadami opisanymi w art. 16 \u2013 21 RODO, kontaktuj\u0105c si\u0119 z Administratorem pod adresem kontakt@projektrumunia.pl.<\/p>\n\n\n\n<p>Podanie przez Ciebie danych osobowych jest zawsze dobrowolne, ale niezb\u0119dne, by z\u0142o\u017cy\u0107 zam\u00f3wienie, zapisa\u0107 si\u0119 do newslettera, doda\u0107 komentarz lub po prostu skontaktowa\u0107 si\u0119 z Administratorem.<\/p>\n\n\n\n<p>Administrator gwarantuje Ci poufno\u015b\u0107 wszelkich przekazanych mu danych osobowych. Zapewnia podj\u0119cie wszelkich \u015brodk\u00f3w bezpiecze\u0144stwa i ochrony danych osobowych wymaganych przez przepisy o ochronie danych osobowych. Dane osobowe s\u0105 gromadzone z nale\u017cyt\u0105 staranno\u015bci\u0105 i odpowiednio chronione przed dost\u0119pem do nich przez osoby do tego nieupowa\u017cnione.<\/p>\n\n\n\n<p>Administrator powierza przetwarzanie danych osobowych nast\u0119puj\u0105cym podmiotom:<\/p>\n\n\n\n<ul class=\"wp-block-list\">\n<li>dhosting.pl Sp. z o.o. z siedzib\u0105 w Warszawie (Al. Jerozolimskie 98, 00-807 Warszawa) \u2013\u00a0\u00a0w celu przechowywania danych na serwerze;<\/li>\n\n\n\n<li>MailerLite Limited (38 Mount Street Upper, Dublin 2, D02 PR89 Irlandia) &#8211; w celu obs\u0142ugi i wysy\u0142ki newslettera,<\/li>\n\n\n\n<li>PayU &#8211; w celu obs\u0142ugi p\u0142atno\u015bci w Sklepie Projekt Rumunia;<\/li>\n\n\n\n<li>Fakturownia Sp. z o.o. z siedzib\u0105 w Warszawie (ul. Juliana Smulikowskiego 6\/8, 00-389 Warszawa) &#8211; w celu obs\u0142ugi zam\u00f3wie\u0144 w Sklepie Projekt Rumunia;<\/li>\n\n\n\n<li>podmioty zewn\u0119trzne wskazane w Regulaminie Sklepu Projekt Rumunia.<\/li>\n<\/ul>\n\n\n\n<p><strong>Newsletter.&nbsp;<\/strong>Za po\u015brednictwem strony mo\u017cesz zapisa\u0107 si\u0119 do newslettera zawieraj\u0105cego informacje o nowo\u015bciach, promocjach, produktach i us\u0142ugach zwi\u0105zanych z aktywno\u015bci\u0105 Projektu Rumunia w Internecie. W celu przesy\u0142ania newslettera, przetwarzane s\u0105 Twoje dane osobowe w zakresie imienia i adresu e-mail.<\/p>\n\n\n\n<p>Podstaw\u0105 prawn\u0105 przetwarzania Twoich danych osobowych w przypadku newslettera jest Twoja zgoda wyra\u017cona poprzez klikni\u0119cie w link potwierdzaj\u0105cy w pierwszym mailu otrzymanym po zapisywaniu si\u0119 do newslettera. Tak\u0105 zgod\u0119 mo\u017cesz w ka\u017cdej chwili wycofa\u0107, rezygnuj\u0105c z otrzymywania newslettera.<\/p>\n\n\n\n<p>Dane przetwarzane s\u0105 przez czas funkcjonowania newslettera, chyba, \u017ce wcze\u015bniej zrezygnujesz z jego otrzymywania, co spowoduje usuni\u0119cie danych z bazy.<\/p>\n\n\n\n<p><strong>Komentarze<\/strong>. Aktualnie komentarze na stronie s\u0105 wy\u0142\u0105czone. Jednak\u017ce je\u015bli zostan\u0105 ponownie w\u0142\u0105czone, obowi\u0105zuj\u0105 poni\u017csze zasady. Dodaj\u0105c komentarz na blogu, przekazujesz Administratorowi swoje dane w zakresie imienia, nazwiska, pseudonimu, adresu e-mail, adresu strony internetowej oraz tre\u015bci komentarza. Ponadto, w systemie odnotowywany jest adres IP, z wykorzystaniem kt\u00f3rego doda\u0142e\u015b komentarz. Dane zostaj\u0105 zapisane w bazie systemu WordPress. Dane w bazie systemu WordPress w Projekcie Rumunia s\u0105 w niej przechowywane przez ca\u0142y okres funkcjonowania bloga. Dane zostan\u0105 usuni\u0119te z bazy, gdy administrator podejmie decyzj\u0119 o zamkni\u0119ciu bloga. Twoje dane s\u0105 w tym przypadku przetwarzane na podstawie Twojej zgody wynikaj\u0105cej z dodania komentarza. Dane przetwarzane s\u0105 wy\u0142\u0105cznie w celu opublikowania komentarza na blogu. Cz\u0119\u015b\u0107 danych (imi\u0119, nazwisko, pseudonim, zdj\u0119cie profilowe) b\u0119d\u0105 dost\u0119pne publicznie na blogu przy Twoim komentarzu.<\/p>\n\n\n\n<p><strong>Kontakt e-mailowy<\/strong>. Kontaktuj\u0105c si\u0119 z Administratorem za po\u015brednictwem poczty elektronicznej, automatycznie przekazujesz mu sw\u00f3j adres e-mail jako adres nadawcy wiadomo\u015bci.<\/p>\n\n\n\n<p>Ponadto, w tre\u015bci wiadomo\u015bci mog\u0105 zosta\u0107 zawarte przez Ciebie r\u00f3wnie\u017c inne dane osobowe. Podstaw\u0105 prawn\u0105 przetwarzania danych osobowych w takim przypadku jest Twoja zgoda wynikaj\u0105ca z zainicjowania kontaktu z Administratorem.<\/p>\n\n\n\n<p>Twoje dane osobowe przekazywane Administratorowi w ramach kontaktu e-mailowego przetwarzane s\u0105 wy\u0142\u0105cznie w celu obs\u0142ugi Twojego zapytania. Tre\u015b\u0107 korespondencji mo\u017ce podlega\u0107 archiwizacji.<\/p>\n\n\n\n<p><strong>Pliki cookies i inne technologie \u015bledz\u0105ce<\/strong><\/p>\n\n\n\n<p>Niniejsza strona, podobnie jak niemal wszystkie inne strony internetowe, wykorzystuje pliki cookies, by zapewni\u0107 Ci najlepsze do\u015bwiadczenia zwi\u0105zane z korzystaniem ze strony.<\/p>\n\n\n\n<p>Cookies to niewielkie informacje tekstowe, przechowywane na Twoim urz\u0105dzeniu ko\u0144cowym (np. komputerze, tablecie, smartfonie), kt\u00f3re mog\u0105 by\u0107 odczytywane przez system teleinformatyczny Administratora.<\/p>\n\n\n\n<p>Pliki cookies pozwalaj\u0105 Administratorowi:<\/p>\n\n\n\n<ul class=\"wp-block-list\">\n<li>zapewni\u0107 prawid\u0142owe funkcjonowanie strony Projekt Rumunia;<\/li>\n\n\n\n<li>poprawi\u0107 szybko\u015b\u0107 i bezpiecze\u0144stwo korzystania ze strony, ulepsza\u0107 funkcje dost\u0119pne dla Ciebie na stronie;<\/li>\n\n\n\n<li>korzysta\u0107 z narz\u0119dzi analitycznych;<\/li>\n\n\n\n<li>korzysta\u0107 z narz\u0119dzi marketingowych;<\/li>\n\n\n\n<li>korzysta\u0107 z systemu komentarzy;<\/li>\n\n\n\n<li>wy\u015bwietla\u0107 na stronach filmy z serwisu YouTube oraz Vimeo;<\/li>\n\n\n\n<li>zapewnia\u0107 funkcje spo\u0142eczno\u015bciowe.<\/li>\n<\/ul>\n\n\n\n<p>Wi\u0119cej szczeg\u00f3\u0142\u00f3w znajdziesz poni\u017cej.<\/p>\n\n\n\n<p><strong>Zgoda na cookies<\/strong>. Podczas pierwszej wizyty na stronie wy\u015bwietlana jest informacja na temat stosowania plik\u00f3w cookies. Zaakceptowanie lub zamkni\u0119cie tej informacji oznacza, \u017ce wyra\u017casz zgod\u0119 na wykorzystywanie plik\u00f3w cookies zgodnie z postanowieniami niniejszej polityki prywatno\u015bci. Zgod\u0119 zawsze mo\u017cesz wycofa\u0107, usuwaj\u0105c pliki cookies oraz zmieniaj\u0105c ustawienia plik\u00f3w cookies w Twojej przegl\u0105darce. Wy\u0142\u0105czenie plik\u00f3w cookies mo\u017ce powodowa\u0107 trudno\u015bci w korzystaniu ze strony, jak r\u00f3wnie\u017c z wielu innych stron internetowych, kt\u00f3re stosuj\u0105 cookies.<\/p>\n\n\n\n<p><strong>Cookies w\u0142asne<\/strong>. Pliki cookies mo\u017cna podzieli\u0107 na w\u0142asne oraz pochodz\u0105ce od podmiot\u00f3w trzecich. Strona wykorzystuje cookies w\u0142asne w celu prawid\u0142owego dzia\u0142ania.<\/p>\n\n\n\n<p><strong>Cookies podmiot\u00f3w trzecich<\/strong>. Niniejsza strona wykorzystuje funkcje zapewniane przez podmioty trzecie, co wi\u0105\u017ce si\u0119 z wykorzystywaniem plik\u00f3w cookies pochodz\u0105cych od podmiot\u00f3w trzecich. Wykorzystanie tego rodzaju plik\u00f3w cookies zosta\u0142o opisane poni\u017cej.<\/p>\n\n\n\n<p><strong>Analiza i statystyka<\/strong><\/p>\n\n\n\n<p>Administrator wykorzystuje cookies do \u015bledzenia statystyk strony, takich jak liczba os\u00f3b odwiedzaj\u0105cych, rodzaj systemu operacyjnego i przegl\u0105darki internetowej wykorzystywanej do przegl\u0105dania strony, czas sp\u0119dzony na stronie, odwiedzone podstrony etc. Korzysta w tym zakresie z narz\u0119dzia Google Analytics. Zbierane w tym zakresie informacje s\u0105 ca\u0142kowicie anonimowe i nie pozwalaj\u0105 na Twoj\u0105 identyfikacj\u0119. W tym celu wykorzystywane s\u0105 pliki cookies firmy Google LLC dotycz\u0105ce us\u0142ugi Google Analytics.<\/p>\n\n\n\n<p>Korzystanie z us\u0142ug Google Analytics wi\u0105\u017ce si\u0119 z zaimplementowaniem w kodzie niniejszej strony udost\u0119pnionego przez Google kodu \u015bledz\u0105cego (tzw. tracking code). Kod ten bazuje na plikach cookies, ale mo\u017ce wykorzystywa\u0107 r\u00f3wnie\u017c inne technologie \u015bledz\u0105ce.<\/p>\n\n\n\n<p><strong>Marketing<\/strong>. Administrator korzysta z narz\u0119dzi marketingowych firmy Meta oraz Google, by kierowa\u0107 do Ciebie reklamy w tym serwisie. W tym celu zaimplementowa\u0142 w kodzie platformy Pixel Facebooka oraz kod Google Adsense, kt\u00f3ry zapami\u0119tuje Twoje odwiedziny. W tym celu wykorzystywane s\u0105 pliki cookies firmy Meta oraz Google.<\/p>\n\n\n\n<p><strong>Filmy z serwisu YouTube oraz Vimeo<\/strong>. Na stronie Administrator osadza filmy pochodz\u0105ce z serwisu YouTube oraz Vimeo. Wy\u015bwietlaj\u0105c taki film, godzisz si\u0119 na wykorzystywanie plik\u00f3w cookies firmy Google LLC dotycz\u0105cych us\u0142ugi YouTube lub plik\u00f3w cookies firmy Vimeo.<\/p>\n\n\n\n<p>Na stronie osadzane s\u0105 r\u00f3wnie\u017c pliki d\u017awi\u0119kowe, graficzne oraz fragmenty innych stron internetowych. Osadzone tre\u015bci z innych witryn zachowuj\u0105 si\u0119 analogicznie do tego, jakby u\u017cytkownik odwiedzi\u0142 bezpo\u015brednio konkretn\u0105 witryn\u0119.<\/p>\n\n\n\n<p><strong>Funkcje spo\u0142eczno\u015bciowe<\/strong>. Administrator zapewnia mo\u017cliwo\u015b\u0107 korzystania z funkcji spo\u0142eczno\u015bciowych, takich jak udost\u0119pnianie tre\u015bci w serwisach spo\u0142eczno\u015bciowych oraz subskrypcja profilu spo\u0142eczno\u015bciowego. Korzystanie z tych funkcji wi\u0105\u017ce si\u0119 z wykorzystywaniem plik\u00f3w cookies administrator\u00f3w serwis\u00f3w spo\u0142eczno\u015bciowych takich jak Facebook, Instagram, Tik-tok, YouTube.<\/p>\n\n\n\n<p><strong>Logi serwera<\/strong><\/p>\n\n\n\n<p>Korzystanie ze strony wi\u0105\u017ce si\u0119 z przesy\u0142aniem zapyta\u0144 do serwera, na kt\u00f3rym przechowywana jest strona. Ka\u017cde zapytanie skierowane do serwera zapisywane jest w logach serwera.<\/p>\n\n\n\n<p>Logi obejmuj\u0105 m.in. Tw\u00f3j adres IP, dat\u0119 i czas serwera, informacje o przegl\u0105darce internetowej i systemie operacyjnym z jakiego korzystasz. Logi zapisywane i przechowywane s\u0105 na serwerze.<\/p>\n\n\n\n<p>Dane zapisane w logach serwera nie s\u0105 kojarzone z konkretnymi osobami korzystaj\u0105cymi ze serwisu i nie s\u0105 wykorzystywane przez Administratora w celu Twojej identyfikacji.<\/p>\n\n\n\n<p>Logi serwera stanowi\u0105 wy\u0142\u0105cznie materia\u0142 pomocniczy s\u0142u\u017c\u0105cy do administrowania stron\u0105, a ich zawarto\u015b\u0107 nie jest ujawniana nikomu poza osobami upowa\u017cnionymi do administrowania serwerem.<\/p>\n","protected":false},"excerpt":{"rendered":"<p>Niniejsza polityka prywatno\u015bci opisuje zasady post\u0119powania z danymi osobowymi oraz zasady wykorzystywania plik\u00f3w cookies i innych technologii \u015bledz\u0105cych w zwi\u0105zku z korzystaniem ze Sklepu Projekt Rumunia (projektrumunia.pl\/sklep). Administratorem strony jest Vedere Media sp\u00f3\u0142ka z ograniczon\u0105 odpowiedzialno\u015bci\u0105 z siedzib\u0105 w Miko\u0142owie (NIP: 6351871025, KRS: 0001106955), Rynek 2, 43-190 Miko\u0142\u00f3w. W razie jakichkolwiek w\u0105tpliwo\u015bci zwi\u0105zanych z polityk\u0105 [&hellip;]<\/p>\n","protected":false},"author":1,"featured_media":0,"parent":0,"menu_order":0,"comment_status":"closed","ping_status":"open","template":"","meta":{"footnotes":""},"class_list":["post-3","page","type-page","status-publish","hentry"],"_links":{"self":[{"href":"https:\/\/projektrumunia.pl\/sklep\/wp-json\/wp\/v2\/pages\/3","targetHints":{"allow":["GET"]}}],"collection":[{"href":"https:\/\/projektrumunia.pl\/sklep\/wp-json\/wp\/v2\/pages"}],"about":[{"href":"https:\/\/projektrumunia.pl\/sklep\/wp-json\/wp\/v2\/types\/page"}],"author":[{"embeddable":true,"href":"https:\/\/projektrumunia.pl\/sklep\/wp-json\/wp\/v2\/users\/1"}],"replies":[{"embeddable":true,"href":"https:\/\/projektrumunia.pl\/sklep\/wp-json\/wp\/v2\/comments?post=3"}],"version-history":[{"count":6,"href":"https:\/\/projektrumunia.pl\/sklep\/wp-json\/wp\/v2\/pages\/3\/revisions"}],"predecessor-version":[{"id":277,"href":"https:\/\/projektrumunia.pl\/sklep\/wp-json\/wp\/v2\/pages\/3\/revisions\/277"}],"wp:attachment":[{"href":"https:\/\/projektrumunia.pl\/sklep\/wp-json\/wp\/v2\/media?parent=3"}],"curies":[{"name":"wp","href":"https:\/\/api.w.org\/{rel}","templated":true}]}}